{"id":34,"date":"2024-04-10T14:18:28","date_gmt":"2024-04-10T19:18:28","guid":{"rendered":"https:\/\/alejandraditta.com\/?page_id=34"},"modified":"2024-09-21T19:48:41","modified_gmt":"2024-09-22T00:48:41","slug":"politica-de-cookies","status":"publish","type":"page","link":"https:\/\/alejandraditta.com\/index.php\/politica-de-cookies\/","title":{"rendered":"Pol\u00edtica de Cookies"},"content":{"rendered":"\t\t<div data-elementor-type=\"wp-page\" data-elementor-id=\"34\" class=\"elementor elementor-34\">\n\t\t\t\t<div class=\"elementor-element elementor-element-5e4ca05f e-flex e-con-boxed e-con e-parent\" data-id=\"5e4ca05f\" data-element_type=\"container\" data-settings=\"{&quot;background_background&quot;:&quot;classic&quot;}\">\n\t\t\t\t\t<div class=\"e-con-inner\">\n\t\t\t\t<div class=\"elementor-element elementor-element-47ae59dc elementor-widget elementor-widget-heading\" data-id=\"47ae59dc\" data-element_type=\"widget\" data-widget_type=\"heading.default\">\n\t\t\t\t<div class=\"elementor-widget-container\">\n\t\t\t<h2 class=\"elementor-heading-title elementor-size-default\">Pol\u00edtica de Cookies<\/h2>\t\t<\/div>\n\t\t\t\t<\/div>\n\t\t\t\t\t<\/div>\n\t\t\t\t<\/div>\n\t\t<div class=\"elementor-element elementor-element-78b9bbcc e-flex e-con-boxed e-con e-parent\" data-id=\"78b9bbcc\" data-element_type=\"container\">\n\t\t\t\t\t<div class=\"e-con-inner\">\n\t\t\t\t<div class=\"elementor-element elementor-element-b9b14b2 elementor-widget elementor-widget-heading\" data-id=\"b9b14b2\" data-element_type=\"widget\" data-widget_type=\"heading.default\">\n\t\t\t\t<div class=\"elementor-widget-container\">\n\t\t\t<h2 class=\"elementor-heading-title elementor-size-default\">ObjetiVo<\/h2>\t\t<\/div>\n\t\t\t\t<\/div>\n\t\t\t\t<div class=\"elementor-element elementor-element-17785e46 elementor-widget elementor-widget-text-editor\" data-id=\"17785e46\" data-element_type=\"widget\" data-widget_type=\"text-editor.default\">\n\t\t\t\t<div class=\"elementor-widget-container\">\n\t\t\t\t\t\t\tInformar de manera completa, transparente, previa y precisa qu\u00e9 es una Cookie, as\u00ed como todo lo legalmente pertinente para la autorizaci\u00f3n previa a su activaci\u00f3n, y especificar cu\u00e1les son las Cookies que utiliza el sitio web: alejandraditta.com, administrado por Mar\u00eda Alejandra Maza Ditta. Todo lo anterior en el marco del cumplimiento de la normatividad protectora de los derechos del o la titular de los datos.\n\n\t\t\t\t\t\t<\/div>\n\t\t\t\t<\/div>\n\t\t\t\t<div class=\"elementor-element elementor-element-2f6098d1 elementor-widget elementor-widget-heading\" data-id=\"2f6098d1\" data-element_type=\"widget\" data-widget_type=\"heading.default\">\n\t\t\t\t<div class=\"elementor-widget-container\">\n\t\t\t<h2 class=\"elementor-heading-title elementor-size-default\">RESPONSABLE DEL TRATAMIENTO<\/h2>\t\t<\/div>\n\t\t\t\t<\/div>\n\t\t\t\t<div class=\"elementor-element elementor-element-734cad29 elementor-widget elementor-widget-text-editor\" data-id=\"734cad29\" data-element_type=\"widget\" data-widget_type=\"text-editor.default\">\n\t\t\t\t<div class=\"elementor-widget-container\">\n\t\t\t\t\t\t\t<p><span style=\"font-size: 14px; color: var( --e-global-color-text ); text-align: var(--text-align);\">Nombre: Mar\u00eda Alejandra Maza Ditta<\/span><\/p><p>Correo electr\u00f3nico: <a href=\"mailto:contacto@alejandraditta.com\">contacto@alejandraditta.com <\/a><\/p><p>Domicilio: Barranquilla, Rep\u00fablica de Colombia.<\/p>\t\t\t\t\t\t<\/div>\n\t\t\t\t<\/div>\n\t\t\t\t<div class=\"elementor-element elementor-element-7d49abe6 elementor-widget elementor-widget-heading\" data-id=\"7d49abe6\" data-element_type=\"widget\" data-widget_type=\"heading.default\">\n\t\t\t\t<div class=\"elementor-widget-container\">\n\t\t\t<h2 class=\"elementor-heading-title elementor-size-default\">\u00bfQU\u00c9 ES UNA COOKIE?\n<\/h2>\t\t<\/div>\n\t\t\t\t<\/div>\n\t\t\t\t<div class=\"elementor-element elementor-element-4dda914a elementor-widget elementor-widget-text-editor\" data-id=\"4dda914a\" data-element_type=\"widget\" data-widget_type=\"text-editor.default\">\n\t\t\t\t<div class=\"elementor-widget-container\">\n\t\t\t\t\t\t\t<p><span style=\"font-weight: 400;\">De acuerdo a lo dispuesto en el <\/span><a href=\"https:\/\/www.sic.gov.co\/recursos_user\/boletin-juridico-sep2016\/conceptos\/datos_personales\/16172268-proteccion-datos-9-ago-2016.pdf\"><b>Concepto Radicado No. 16-172268 del 9 de agosto de 2016<\/b><\/a><span style=\"font-weight: 400;\"> emitido por la <\/span><b>Delegatura para la Protecci\u00f3n de Datos Personales de la Superintendencia de Colombia<\/b><span style=\"font-weight: 400;\">: \u201cLas Cookies son archivos que recogen informaci\u00f3n a trav\u00e9s de una p\u00e1gina web sobre los h\u00e1bitos de navegaci\u00f3n de un usuario o de su equipo y eventualmente podr\u00edan conformar una base de datos de acuerdo a la definici\u00f3n legal de la Ley 1581 de 2012 al recolectar datos personales conforme a las caracter\u00edsticas que jurisprudencialmente las Altas Cortes se han establecido, caso en el cual, el responsable deber\u00e1 ce\u00f1irse por las normas sobre protecci\u00f3n de datos vigentes en Colombia, en especial la aplicaci\u00f3n de los principios rectores para la administraci\u00f3n de datos, consagrados en el art\u00edculo 4 de la Ley 1581 de 2012 as\u00ed:<\/span><\/p><p><span style=\"font-size: 14px; font-weight: 400; color: var( --e-global-color-text ); text-align: var(--text-align);\">a) Principio de legalidad en materia de Tratamiento de datos: El Tratamiento a que se refiere la ley 1581 de 2012 es una actividad reglada que debe sujetarse a lo establecido en ella y en las dem\u00e1s disposiciones que la desarrollen.<\/span><\/p><p><span style=\"font-weight: 400;\"><strong>\u00a0<\/strong><\/span><span style=\"font-size: 14px; font-weight: 400; color: var( --e-global-color-text ); text-align: var(--text-align);\">b) Principio de finalidad: El Tratamiento debe obedecer a una finalidad legitima de acuerdo con la Constituci\u00f3n y la Ley, la cual debe ser informada al Titular.\u00a0<\/span><\/p><p><span style=\"font-weight: 400;\"><strong>\u00a0<\/strong><\/span><span style=\"font-size: 14px; font-weight: 400; color: var( --e-global-color-text ); text-align: var(--text-align);\">c) Principio de libertad: El Tratamiento s\u00f3lo puede ejercerse con el consentimiento, previo, expreso e informado del Titular. Los datos personales no podr\u00e1n ser obtenidos o divulgados sin previa autorizaci\u00f3n, o en ausencia de mandato legal o judicial que releve el consentimiento.<\/span><\/p><p><span style=\"font-weight: 400;\"><strong>\u00a0<\/strong><\/span><span style=\"font-size: 14px; font-weight: 400; color: var( --e-global-color-text ); text-align: var(--text-align);\">d) Principio de veracidad o calidad: La informaci\u00f3n sujeta a Tratamiento debe ser veraz, completa, exacta, actualizada, comprobable y comprensible.\u00a0<\/span><\/p><p><span style=\"font-weight: 400;\"><strong>\u00a0<\/strong><\/span><span style=\"font-size: 14px; font-weight: 400; color: var( --e-global-color-text ); text-align: var(--text-align);\">e) Principio de transparencia: En el Tratamiento debe garantizarse el derecho del Titular a obtener del Responsable del Tratamiento o del Encargado del Tratamiento, en cualquier momento y sin restricciones, informaci\u00f3n acerca de la existencia de datos que le conciernan.<\/span><\/p><p><span style=\"font-weight: 400;\">\u00a0f) Principio de acceso y circulaci\u00f3n restringida: El Tratamiento se sujeta a los l\u00edmites que se derivan de la naturaleza de los datos personales, de las disposiciones de la Ley 1581 de 2012 y la Constituci\u00f3n Pol\u00edtica de Colombia. En este sentido, el Tratamiento s\u00f3lo podr\u00e1 hacerse por personas autorizadas por el Titular y\/o por las personas previstas en la Ley 1581 de 2012.<\/span><\/p><p><span style=\"font-weight: 400;\"><strong>\u00a0<\/strong><\/span><span style=\"font-size: 14px; font-weight: 400; color: var( --e-global-color-text ); text-align: var(--text-align);\">g) Principio de seguridad: La informaci\u00f3n sujeta a Tratamiento por el Responsable del Tratamiento o Encargado del Tratamiento a que se refiere la ley 1581 de 2012, se deber\u00e1 tratar con las medidas t\u00e9cnicas, humanas y administrativas que sean necesarias para otorgar seguridad a los registros.<\/span><\/p><p><span style=\"font-weight: 400;\"><strong>\u00a0<\/strong><\/span><span style=\"font-size: 14px; font-weight: 400; color: var( --e-global-color-text ); text-align: var(--text-align);\">h) Principio de confidencialidad: Todas las personas que intervengan en el Tratamiento de datos personales que no tengan la naturaleza de p\u00fablicos est\u00e1n obligadas a garantizar la reserva de la informaci\u00f3n, inclusive despu\u00e9s de finalizada su relaci\u00f3n con alguna de las labores que comprende el Tratamiento, pudiendo solo realizar suministro o comunicaci\u00f3n de datos personales cuando ello corresponda al desarrollo de las actividades autorizadas en la ley y en los t\u00e9rminos de la misma.<\/span><\/p><p><span style=\"font-weight: 400;\"><strong><br \/>Adicionalmente, es pertinente resaltar que la Ley 1581 de 2012, en su art\u00edculo 2, se\u00f1ala el \u00e1mbito de aplicaci\u00f3n de la siguiente manera: <i>&#8220;\u00c1mbito de aplicaci\u00f3n. Los principios y disposiciones contenidas en la referida ley, ser\u00e1n aplicables a los datos personales registrados en cualquier base de datos que los haga susceptibles de tratamiento por entidades de naturaleza p\u00fablica o privada.<\/i>\u201d As\u00ed mismo se indica de forma enf\u00e1tica que: \u201c<i>La presente ley\u00a0se aplicar\u00e1 <\/i><b><i>al tratamiento<\/i><\/b><i> de datos personales <\/i><b><i>efectuado en territorio colombiano<\/i><\/b><i>\u201d.<\/i><\/strong><br \/><\/span><\/p>\t\t\t\t\t\t<\/div>\n\t\t\t\t<\/div>\n\t\t\t\t<div class=\"elementor-element elementor-element-6d7ca3b1 elementor-widget elementor-widget-heading\" data-id=\"6d7ca3b1\" data-element_type=\"widget\" data-widget_type=\"heading.default\">\n\t\t\t\t<div class=\"elementor-widget-container\">\n\t\t\t<h2 class=\"elementor-heading-title elementor-size-default\">\u00bfCU\u00c1LES SON LOS TIPOS DE COOKIES?<\/h2>\t\t<\/div>\n\t\t\t\t<\/div>\n\t\t\t\t<div class=\"elementor-element elementor-element-64b62ce3 elementor-widget elementor-widget-text-editor\" data-id=\"64b62ce3\" data-element_type=\"widget\" data-widget_type=\"text-editor.default\">\n\t\t\t\t<div class=\"elementor-widget-container\">\n\t\t\t\t\t\t\t<p><b>&#8211;<\/b><span style=\"font-weight: 400;\">Seg\u00fan su finalidad:<\/span><\/p><ol><li style=\"font-weight: 400;\" aria-level=\"1\"><b>Cookies t\u00e9cnicas<\/b><span style=\"font-weight: 400;\">: son aquellas que permiten al usuario la navegaci\u00f3n a trav\u00e9s de una p\u00e1gina web, plataforma o aplicaci\u00f3n y la utilizaci\u00f3n de las diferentes opciones o servicios que en ella existan, incluyendo aquellas que el editor utiliza para permitir la gesti\u00f3n y operativa de la p\u00e1gina web y habilitar sus funciones y servicios, como, por ejemplo, controlar el tr\u00e1fico y la comunicaci\u00f3n de datos, identificar la sesi\u00f3n, acceder a partes de acceso restringido, utilizar elementos de seguridad durante la navegaci\u00f3n, almacenar contenidos para la difusi\u00f3n de v\u00eddeos o sonido, habilitar contenidos din\u00e1micos; por ejemplo, animaci\u00f3n de carga de un texto o imagen; o compartir contenidos a trav\u00e9s de redes sociales.\u00a0<\/span><\/li><li style=\"font-weight: 400;\" aria-level=\"1\"><b>Cookies de preferencias o personalizaci\u00f3n<\/b><span style=\"font-weight: 400;\">: son aquellas que permiten recordar informaci\u00f3n para que el usuario acceda al servicio con determinadas caracter\u00edsticas que pueden diferenciar su experiencia de la de otros usuarios, como, por ejemplo, el idioma, el n\u00famero de resultados a mostrar cuando el usuario realiza una b\u00fasqueda, el aspecto o contenido del servicio en funci\u00f3n del tipo de navegador a trav\u00e9s del cual el usuario accede al servicio o de la regi\u00f3n desde la que accede al servicio, etc.<\/span><\/li><li style=\"font-weight: 400;\" aria-level=\"1\"><b>Cookies de an\u00e1lisis o medici\u00f3n<\/b><span style=\"font-weight: 400;\">: La informaci\u00f3n recogida mediante este tipo de cookies se utiliza en la medici\u00f3n de la actividad de los sitios web, aplicaci\u00f3n o plataforma.<\/span><\/li><li style=\"font-weight: 400;\" aria-level=\"1\"><b>Cookies de publicidad comportamental:<\/b><span style=\"font-weight: 400;\"> son aquellas que almacenan informaci\u00f3n del comportamiento de los usuarios obtenida a trav\u00e9s de la observaci\u00f3n continuada de sus h\u00e1bitos de navegaci\u00f3n, lo que permite desarrollar un perfil espec\u00edfico para mostrar publicidad en funci\u00f3n del mismo.<\/span><\/li><\/ol><p>\u00a0<\/p><p><span style=\"font-weight: 400;\">-Seg\u00fan quien las gestione:<\/span><\/p><ol><li style=\"font-weight: 400;\" aria-level=\"1\"><b>Cookies propias<\/b><span style=\"font-weight: 400;\">: son aquellas de las que es responsable el propio editor de la p\u00e1gina web y que, generalmente, se env\u00edan al equipo terminal del usuario desde un equipo o dominio gestionado por el propio editor y desde el que se presta el servicio solicitado por el usuario.<\/span><\/li><li style=\"font-weight: 400;\" aria-level=\"1\"><b>Cookies de tercero:<\/b><span style=\"font-weight: 400;\"> son aquellas de las que es responsable una entidad distinta del editor y que, generalmente, se env\u00edan al equipo terminal del usuario desde un equipo o dominio que no es gestionado por el editor, sino por otra entidad que trata los datos obtenidos a trav\u00e9s de las cookies.<\/span><\/li><\/ol><p>\u00a0<\/p><p><span style=\"font-weight: 400;\">-Seg\u00fan el tiempo que permanezcan activadas:<\/span><\/p><ol><li style=\"font-weight: 400;\" aria-level=\"1\"><b>Cookies de sesi\u00f3n<\/b><span style=\"font-weight: 400;\">: son aquellas dise\u00f1adas para recabar y almacenar datos mientras el usuario accede a una p\u00e1gina web. Se suelen emplear para almacenar informaci\u00f3n que s\u00f3lo interesa conservar para la prestaci\u00f3n del servicio solicitado por el usuario en una sola ocasi\u00f3n y desaparecen al terminar la sesi\u00f3n.\u00a0<\/span><\/li><li style=\"font-weight: 400;\" aria-level=\"1\"><b>Cookies persistentes<\/b><span style=\"font-weight: 400;\">: son aquellas en las que los datos siguen almacenados en el terminal y pueden ser accedidos y tratados durante un periodo definido por el responsable de la cookie, y que puede ir de unos minutos a algunos a\u00f1os.<\/span><\/li><\/ol>\t\t\t\t\t\t<\/div>\n\t\t\t\t<\/div>\n\t\t\t\t<div class=\"elementor-element elementor-element-461fb9f9 elementor-widget elementor-widget-heading\" data-id=\"461fb9f9\" data-element_type=\"widget\" data-widget_type=\"heading.default\">\n\t\t\t\t<div class=\"elementor-widget-container\">\n\t\t\t<h2 class=\"elementor-heading-title elementor-size-default\">\u00bfCU\u00c1LES SON LAS COOKIES QUE UTILIZAMOS?<\/h2>\t\t<\/div>\n\t\t\t\t<\/div>\n\t\t\t\t<div class=\"elementor-element elementor-element-87176d6 elementor-widget elementor-widget-text-editor\" data-id=\"87176d6\" data-element_type=\"widget\" data-widget_type=\"text-editor.default\">\n\t\t\t\t<div class=\"elementor-widget-container\">\n\t\t\t\t\t\t\t<p><span style=\"font-weight: 400;\">Aqu\u00ed te insertamos el panel de configuraci\u00f3n, en donde de forma completa, clara, detallada y previa al uso, describimos las cookies que alejandraditta.com utiliza:<\/span><\/p>\t\t\t\t\t\t<\/div>\n\t\t\t\t<\/div>\n\t\t\t\t<div class=\"elementor-element elementor-element-b3d5fe8 elementor-widget elementor-widget-text-editor\" data-id=\"b3d5fe8\" data-element_type=\"widget\" data-widget_type=\"text-editor.default\">\n\t\t\t\t<div class=\"elementor-widget-container\">\n\t\t\t\t\t\t\t<div class=\"cky-audit-table-element\"> <div>\t\t\t\t\t\t<\/div>\n\t\t\t\t<\/div>\n\t\t\t\t<div class=\"elementor-element elementor-element-71eff814 elementor-widget elementor-widget-heading\" data-id=\"71eff814\" data-element_type=\"widget\" data-widget_type=\"heading.default\">\n\t\t\t\t<div class=\"elementor-widget-container\">\n\t\t\t<h2 class=\"elementor-heading-title elementor-size-default\">COOKIES DE REDES SOCIALES<\/h2>\t\t<\/div>\n\t\t\t\t<\/div>\n\t\t\t\t<div class=\"elementor-element elementor-element-65e69b41 elementor-widget elementor-widget-text-editor\" data-id=\"65e69b41\" data-element_type=\"widget\" data-widget_type=\"text-editor.default\">\n\t\t\t\t<div class=\"elementor-widget-container\">\n\t\t\t\t\t\t\t<p><span style=\"font-weight: 400;\">No<\/span><span style=\"font-weight: 400;\"> nos hacemos responsables de la activaci\u00f3n o uso de cookies de cada una de las redes sociales o p\u00e1ginas web a las cuales alejandraditta.com remite o enlaza. De forma netamente informativa te invitamos a que revises sus respectivas pol\u00edticas:<\/span><\/p><p><a href=\"https:\/\/www.bing.com\/ck\/a?!&amp;&amp;p=f26822bc45dad09eJmltdHM9MTcwMTQ3NTIwMCZpZ3VpZD0yYTgyYjk4Yi1hYmJjLTY1OWMtMmFhZS1hYTUyYWEzOTY0NmImaW5zaWQ9NTE2Nw&amp;ptn=3&amp;ver=2&amp;hsh=3&amp;fclid=2a82b98b-abbc-659c-2aae-aa52aa39646b&amp;psq=fecebook+politica+de+cookies&amp;u=a1aHR0cHM6Ly9lcy1lcy5mYWNlYm9vay5jb20vcHJpdmFjeS9wb2xpY2llcy9jb29raWVzLz9lbnRyeV9wb2ludD1jb29raWVfcG9saWN5X3JlZGlyZWN0JmVudHJ5PTA&amp;ntb=1\"><span style=\"font-weight: 400;\">Pol\u00edticas de Cookies de META<\/span><\/a><span style=\"font-weight: 400;\">-Facebook, Instagram y WhatsApp &#8211;<\/span><\/p><p><a href=\"https:\/\/help.twitter.com\/es\/rules-and-policies\/x-cookies\"><span style=\"font-weight: 400;\">Pol\u00edticas de Cookies de X \u2013 antiguo Twitter<\/span><\/a><\/p><p><a href=\"https:\/\/es.linkedin.com\/legal\/privacy-policy\"><span style=\"font-weight: 400;\">Pol\u00edtica de Cookies de LinkedIn<\/span><\/a><\/p>\t\t\t\t\t\t<\/div>\n\t\t\t\t<\/div>\n\t\t\t\t<div class=\"elementor-element elementor-element-6999451d elementor-widget elementor-widget-heading\" data-id=\"6999451d\" data-element_type=\"widget\" data-widget_type=\"heading.default\">\n\t\t\t\t<div class=\"elementor-widget-container\">\n\t\t\t<h2 class=\"elementor-heading-title elementor-size-default\">CONSENTIMIENTO DE USO DE COOKIES\n<\/h2>\t\t<\/div>\n\t\t\t\t<\/div>\n\t\t\t\t<div class=\"elementor-element elementor-element-69c82abe elementor-widget elementor-widget-text-editor\" data-id=\"69c82abe\" data-element_type=\"widget\" data-widget_type=\"text-editor.default\">\n\t\t\t\t<div class=\"elementor-widget-container\">\n\t\t\t\t\t\t\t<p><span style=\"font-weight: 400;\">Usted, de forma previa, voluntaria, libre e informada podr\u00e1 aceptar, denegar o revocar el consentimiento para el uso de cookies, mediante el panel de gesti\u00f3n o configuraci\u00f3n de cookies que est\u00e1 habilitado en nuestro sitio web. Ahora bien, si usted ya ha realizado esta gesti\u00f3n, y desea posteriormente modificar la configuraci\u00f3n y su personalizaci\u00f3n, podr\u00e1 solicitarlo escribi\u00e9ndonos al correo electr\u00f3nico: <\/span><a href=\"mailto:contacto@alejandeaditta.com\"><span style=\"font-weight: 400;\">contacto@alejandeaditta.com<\/span><\/a><span style=\"font-weight: 400;\"> siguiendo los t\u00e9rminos que en el punto siguiente explicamos a detalle.<\/span><\/p>\t\t\t\t\t\t<\/div>\n\t\t\t\t<\/div>\n\t\t\t\t<div class=\"elementor-element elementor-element-7c1bd3d elementor-widget elementor-widget-heading\" data-id=\"7c1bd3d\" data-element_type=\"widget\" data-widget_type=\"heading.default\">\n\t\t\t\t<div class=\"elementor-widget-container\">\n\t\t\t<h2 class=\"elementor-heading-title elementor-size-default\">ATENCI\u00d3N DE PETICIONES, CONSULTAS Y REVOCACI\u00d3N FRENTE AL CONSENTIMIENTO<\/h2>\t\t<\/div>\n\t\t\t\t<\/div>\n\t\t\t\t<div class=\"elementor-element elementor-element-eab0b2a elementor-widget elementor-widget-text-editor\" data-id=\"eab0b2a\" data-element_type=\"widget\" data-widget_type=\"text-editor.default\">\n\t\t\t\t<div class=\"elementor-widget-container\">\n\t\t\t\t\t\t\t<p><span style=\"font-weight: 400;\">Usted podr\u00e1 ejercer cualquiera de estos derechos de consulta, petici\u00f3n y revocaci\u00f3n de consentimiento de uso de Cookies, mediante el env\u00edo de un correo electr\u00f3nico a la direcci\u00f3n: <\/span><a href=\"mailto:contacto@alejandraditta.com\"><span style=\"font-weight: 400;\">contacto@alejandraditta.com<\/span><\/a><span style=\"font-weight: 400;\"> identific\u00e1ndose debidamente e indicando de forma clara y en concreto: el derecho que ejerce, junto a los soportes que usted considere son pertinentes.<\/span><\/p>\t\t\t\t\t\t<\/div>\n\t\t\t\t<\/div>\n\t\t\t\t<div class=\"elementor-element elementor-element-e310874 elementor-widget elementor-widget-heading\" data-id=\"e310874\" data-element_type=\"widget\" data-widget_type=\"heading.default\">\n\t\t\t\t<div class=\"elementor-widget-container\">\n\t\t\t<h2 class=\"elementor-heading-title elementor-size-default\">\u00bfCU\u00c1NTO TIEMPO CONSERVAREMOS ACTIVAS LAS COOKIES?\n<\/h2>\t\t<\/div>\n\t\t\t\t<\/div>\n\t\t\t\t<div class=\"elementor-element elementor-element-1a543cc elementor-widget elementor-widget-text-editor\" data-id=\"1a543cc\" data-element_type=\"widget\" data-widget_type=\"text-editor.default\">\n\t\t\t\t<div class=\"elementor-widget-container\">\n\t\t\t\t\t\t\t<p><span style=\"font-weight: 400;\">Aqu\u00ed nos remitimos al panel de configuraci\u00f3n, donde para cada una de las cookies de forma previa, expresa, completa y clara se le ha informado y descrito los t\u00e9rminos de duraci\u00f3n.<\/span><\/p>\t\t\t\t\t\t<\/div>\n\t\t\t\t<\/div>\n\t\t\t\t<div class=\"elementor-element elementor-element-a80d36f elementor-widget elementor-widget-heading\" data-id=\"a80d36f\" data-element_type=\"widget\" data-widget_type=\"heading.default\">\n\t\t\t\t<div class=\"elementor-widget-container\">\n\t\t\t<h2 class=\"elementor-heading-title elementor-size-default\">VIGENCIA\n<\/h2>\t\t<\/div>\n\t\t\t\t<\/div>\n\t\t\t\t<div class=\"elementor-element elementor-element-33fa8b9 elementor-widget elementor-widget-text-editor\" data-id=\"33fa8b9\" data-element_type=\"widget\" data-widget_type=\"text-editor.default\">\n\t\t\t\t<div class=\"elementor-widget-container\">\n\t\t\t\t\t\t\t<p><span style=\"font-weight: 400;\">La presente Pol\u00edtica de Cookies rige a partir del 1 de diciembre de 2023<\/span><\/p>\t\t\t\t\t\t<\/div>\n\t\t\t\t<\/div>\n\t\t\t\t\t<\/div>\n\t\t\t\t<\/div>\n\t\t\t\t<\/div>\n\t\t","protected":false},"excerpt":{"rendered":"<p>Pol\u00edtica de Cookies ObjetiVo Informar de manera completa, transparente, previa y precisa qu\u00e9 es una Cookie, as\u00ed como todo lo legalmente pertinente para la autorizaci\u00f3n previa a su activaci\u00f3n, y especificar cu\u00e1les son las Cookies que utiliza el sitio web: alejandraditta.com, administrado por Mar\u00eda Alejandra Maza Ditta. Todo lo anterior en el marco del cumplimiento [&hellip;]<\/p>\n","protected":false},"author":1,"featured_media":0,"parent":0,"menu_order":0,"comment_status":"closed","ping_status":"closed","template":"elementor_header_footer","meta":{"ocean_post_layout":"","ocean_both_sidebars_style":"","ocean_both_sidebars_content_width":0,"ocean_both_sidebars_sidebars_width":0,"ocean_sidebar":"","ocean_second_sidebar":"","ocean_disable_margins":"enable","ocean_add_body_class":"","ocean_shortcode_before_top_bar":"","ocean_shortcode_after_top_bar":"","ocean_shortcode_before_header":"","ocean_shortcode_after_header":"","ocean_has_shortcode":"","ocean_shortcode_after_title":"","ocean_shortcode_before_footer_widgets":"","ocean_shortcode_after_footer_widgets":"","ocean_shortcode_before_footer_bottom":"","ocean_shortcode_after_footer_bottom":"","ocean_display_top_bar":"default","ocean_display_header":"default","ocean_header_style":"","ocean_center_header_left_menu":"","ocean_custom_header_template":"","ocean_custom_logo":0,"ocean_custom_retina_logo":0,"ocean_custom_logo_max_width":0,"ocean_custom_logo_tablet_max_width":0,"ocean_custom_logo_mobile_max_width":0,"ocean_custom_logo_max_height":0,"ocean_custom_logo_tablet_max_height":0,"ocean_custom_logo_mobile_max_height":0,"ocean_header_custom_menu":"","ocean_menu_typo_font_family":"","ocean_menu_typo_font_subset":"","ocean_menu_typo_font_size":0,"ocean_menu_typo_font_size_tablet":0,"ocean_menu_typo_font_size_mobile":0,"ocean_menu_typo_font_size_unit":"px","ocean_menu_typo_font_weight":"","ocean_menu_typo_font_weight_tablet":"","ocean_menu_typo_font_weight_mobile":"","ocean_menu_typo_transform":"","ocean_menu_typo_transform_tablet":"","ocean_menu_typo_transform_mobile":"","ocean_menu_typo_line_height":0,"ocean_menu_typo_line_height_tablet":0,"ocean_menu_typo_line_height_mobile":0,"ocean_menu_typo_line_height_unit":"","ocean_menu_typo_spacing":0,"ocean_menu_typo_spacing_tablet":0,"ocean_menu_typo_spacing_mobile":0,"ocean_menu_typo_spacing_unit":"","ocean_menu_link_color":"","ocean_menu_link_color_hover":"","ocean_menu_link_color_active":"","ocean_menu_link_background":"","ocean_menu_link_hover_background":"","ocean_menu_link_active_background":"","ocean_menu_social_links_bg":"","ocean_menu_social_hover_links_bg":"","ocean_menu_social_links_color":"","ocean_menu_social_hover_links_color":"","ocean_disable_title":"on","ocean_disable_heading":"default","ocean_post_title":"","ocean_post_subheading":"","ocean_post_title_style":"","ocean_post_title_background_color":"","ocean_post_title_background":0,"ocean_post_title_bg_image_position":"","ocean_post_title_bg_image_attachment":"","ocean_post_title_bg_image_repeat":"","ocean_post_title_bg_image_size":"","ocean_post_title_height":0,"ocean_post_title_bg_overlay":0.5,"ocean_post_title_bg_overlay_color":"","ocean_disable_breadcrumbs":"default","ocean_breadcrumbs_color":"","ocean_breadcrumbs_separator_color":"","ocean_breadcrumbs_links_color":"","ocean_breadcrumbs_links_hover_color":"","ocean_display_footer_widgets":"default","ocean_display_footer_bottom":"default","ocean_custom_footer_template":"","footnotes":""},"class_list":["post-34","page","type-page","status-publish","hentry","entry"],"_links":{"self":[{"href":"https:\/\/alejandraditta.com\/index.php\/wp-json\/wp\/v2\/pages\/34","targetHints":{"allow":["GET"]}}],"collection":[{"href":"https:\/\/alejandraditta.com\/index.php\/wp-json\/wp\/v2\/pages"}],"about":[{"href":"https:\/\/alejandraditta.com\/index.php\/wp-json\/wp\/v2\/types\/page"}],"author":[{"embeddable":true,"href":"https:\/\/alejandraditta.com\/index.php\/wp-json\/wp\/v2\/users\/1"}],"replies":[{"embeddable":true,"href":"https:\/\/alejandraditta.com\/index.php\/wp-json\/wp\/v2\/comments?post=34"}],"version-history":[{"count":35,"href":"https:\/\/alejandraditta.com\/index.php\/wp-json\/wp\/v2\/pages\/34\/revisions"}],"predecessor-version":[{"id":1157,"href":"https:\/\/alejandraditta.com\/index.php\/wp-json\/wp\/v2\/pages\/34\/revisions\/1157"}],"wp:attachment":[{"href":"https:\/\/alejandraditta.com\/index.php\/wp-json\/wp\/v2\/media?parent=34"}],"curies":[{"name":"wp","href":"https:\/\/api.w.org\/{rel}","templated":true}]}}