{"id":32,"date":"2024-04-10T14:17:50","date_gmt":"2024-04-10T19:17:50","guid":{"rendered":"https:\/\/alejandraditta.com\/?page_id=32"},"modified":"2024-04-11T22:25:20","modified_gmt":"2024-04-12T03:25:20","slug":"terminos-de-uso","status":"publish","type":"page","link":"https:\/\/alejandraditta.com\/index.php\/terminos-de-uso\/","title":{"rendered":"T\u00e9rminos de Uso"},"content":{"rendered":"\t\t<div data-elementor-type=\"wp-page\" data-elementor-id=\"32\" class=\"elementor elementor-32\">\n\t\t\t\t<div class=\"elementor-element elementor-element-b7fe777 e-flex e-con-boxed e-con e-parent\" data-id=\"b7fe777\" data-element_type=\"container\" data-settings=\"{&quot;background_background&quot;:&quot;classic&quot;}\">\n\t\t\t\t\t<div class=\"e-con-inner\">\n\t\t\t\t<div class=\"elementor-element elementor-element-f0c05db elementor-widget elementor-widget-heading\" data-id=\"f0c05db\" data-element_type=\"widget\" data-widget_type=\"heading.default\">\n\t\t\t\t<div class=\"elementor-widget-container\">\n\t\t\t<h2 class=\"elementor-heading-title elementor-size-default\">T\u00e9rminos de Uso<\/h2>\t\t<\/div>\n\t\t\t\t<\/div>\n\t\t\t\t\t<\/div>\n\t\t\t\t<\/div>\n\t\t<div class=\"elementor-element elementor-element-bd365fb e-flex e-con-boxed e-con e-parent\" data-id=\"bd365fb\" data-element_type=\"container\">\n\t\t\t\t\t<div class=\"e-con-inner\">\n\t\t\t\t<div class=\"elementor-element elementor-element-aa4e77c elementor-widget elementor-widget-heading\" data-id=\"aa4e77c\" data-element_type=\"widget\" data-widget_type=\"heading.default\">\n\t\t\t\t<div class=\"elementor-widget-container\">\n\t\t\t<h2 class=\"elementor-heading-title elementor-size-default\">Objeto<\/h2>\t\t<\/div>\n\t\t\t\t<\/div>\n\t\t\t\t<div class=\"elementor-element elementor-element-f4f008d elementor-widget elementor-widget-text-editor\" data-id=\"f4f008d\" data-element_type=\"widget\" data-widget_type=\"text-editor.default\">\n\t\t\t\t<div class=\"elementor-widget-container\">\n\t\t\t\t\t\t\t<p>Informar a usuarios\/as y visitantes de alejandraditta.com las condiciones de uso del presente sitio web.<\/p>\t\t\t\t\t\t<\/div>\n\t\t\t\t<\/div>\n\t\t\t\t<div class=\"elementor-element elementor-element-4d028a3 elementor-widget elementor-widget-heading\" data-id=\"4d028a3\" data-element_type=\"widget\" data-widget_type=\"heading.default\">\n\t\t\t\t<div class=\"elementor-widget-container\">\n\t\t\t<h2 class=\"elementor-heading-title elementor-size-default\">IDENTIDAD<\/h2>\t\t<\/div>\n\t\t\t\t<\/div>\n\t\t\t\t<div class=\"elementor-element elementor-element-b9e86e0 elementor-widget elementor-widget-text-editor\" data-id=\"b9e86e0\" data-element_type=\"widget\" data-widget_type=\"text-editor.default\">\n\t\t\t\t<div class=\"elementor-widget-container\">\n\t\t\t\t\t\t\t<p>La propietaria del sitio web alejandraditta.com es:<\/p><p>Nombre: Mar\u00eda Alejandra Maza Ditta<\/p><p>Correo electr\u00f3nico: <a href=\"mailto:contacto@alejandraditta.com\">contacto@alejandraditta.com <\/a><\/p><p>Domicilio: Barranquilla, Rep\u00fablica de Colombia.<\/p>\t\t\t\t\t\t<\/div>\n\t\t\t\t<\/div>\n\t\t\t\t<div class=\"elementor-element elementor-element-d0cf125 elementor-widget elementor-widget-heading\" data-id=\"d0cf125\" data-element_type=\"widget\" data-widget_type=\"heading.default\">\n\t\t\t\t<div class=\"elementor-widget-container\">\n\t\t\t<h2 class=\"elementor-heading-title elementor-size-default\">Actividades<\/h2>\t\t<\/div>\n\t\t\t\t<\/div>\n\t\t\t\t<div class=\"elementor-element elementor-element-f8a444c elementor-widget elementor-widget-text-editor\" data-id=\"f8a444c\" data-element_type=\"widget\" data-widget_type=\"text-editor.default\">\n\t\t\t\t<div class=\"elementor-widget-container\">\n\t\t\t\t\t\t\tMar\u00eda Alejandra Maza Ditta pone a disposici\u00f3n de usuarios\/as y visitantes de <a ref=\"https:\/\/www.alejandraditta.com\"> alejandrita.com <\/a> la divulgaci\u00f3n de informaci\u00f3n de sus servicios actorales, art\u00edsticos, creativos y especializados, en sus modalidades de Consultor\u00eda, mentor\u00eda 1 a 1 y Capacitaciones.\t\t\t\t\t\t<\/div>\n\t\t\t\t<\/div>\n\t\t\t\t<div class=\"elementor-element elementor-element-387f079 elementor-widget elementor-widget-heading\" data-id=\"387f079\" data-element_type=\"widget\" data-widget_type=\"heading.default\">\n\t\t\t\t<div class=\"elementor-widget-container\">\n\t\t\t<h2 class=\"elementor-heading-title elementor-size-default\">Responsabilidad<\/h2>\t\t<\/div>\n\t\t\t\t<\/div>\n\t\t\t\t<div class=\"elementor-element elementor-element-6694e78 elementor-widget elementor-widget-text-editor\" data-id=\"6694e78\" data-element_type=\"widget\" data-widget_type=\"text-editor.default\">\n\t\t\t\t<div class=\"elementor-widget-container\">\n\t\t\t\t\t\t\t<b>Mar\u00eda Alejandra Maza Ditta<\/b> queda exenta de cualquier tipo de responsabilidad por el uso que cualquier persona haga de cualquiera de los textos legales y pol\u00edticas dispuestas en su p\u00e1gina web: <a ref=\"https:\/\/www.alejandraditta.com\"> alejandrita.com <\/a>. NO autorizamos copia, o uso en cualquiera de sus modalidades, de nuestra documentaci\u00f3n legal. Consideramos que si usted quisiera realizar sus propios documentos, deber\u00e1 verificar y evaluar las reales necesidades de su modelo de prestaci\u00f3n de servicios digitales, por lo cual enfatizamos que es una mala pr\u00e1ctica copiar plantillas o textos de cumplimiento legal de otros sitios web diferentes al suyo. As\u00ed que, si le parecen \u00fatiles nuestros textos jur\u00eddicos, es preferible que le recomendemos el acompa\u00f1amiento de nuestra aliada legal <a href=\"https:\/\/co.linkedin.com\/in\/paola-sierra-guzm%C3%A1n-6789b2b9\"><span style=\"font-weight: 400;\">Paola Sierra Guzman<\/span><\/a><span style=\"font-weight: 400;\">, abogada especializada en entornos digitales, innovaci\u00f3n web y desarrollo de software, para lo cual puede escribirnos y les pondremos en contacto.<\/span>\t\t\t\t\t\t<\/div>\n\t\t\t\t<\/div>\n\t\t\t\t<div class=\"elementor-element elementor-element-0615136 elementor-widget elementor-widget-heading\" data-id=\"0615136\" data-element_type=\"widget\" data-widget_type=\"heading.default\">\n\t\t\t\t<div class=\"elementor-widget-container\">\n\t\t\t<h2 class=\"elementor-heading-title elementor-size-default\">PROPIEDAD INTELECTUAL<\/h2>\t\t<\/div>\n\t\t\t\t<\/div>\n\t\t\t\t<div class=\"elementor-element elementor-element-0b79591 elementor-widget elementor-widget-text-editor\" data-id=\"0b79591\" data-element_type=\"widget\" data-widget_type=\"text-editor.default\">\n\t\t\t\t<div class=\"elementor-widget-container\">\n\t\t\t\t\t\t\tMar\u00eda Alejandra Maza Ditta se reserva todos los Derechos de Propiedad respecto a todos los elementos que conforman el sitio web <a href=\"www.alejandraditta.com\"> alejandraditta.com <\/a>, por lo que est\u00e1 prohibida la reproducci\u00f3n, distribuci\u00f3n, modificaci\u00f3n o derivaci\u00f3n de su contenido. Bajo ninguna circunstancia se entender\u00e1 que Mar\u00eda Alejandra Maza Ditta autoriza o licencia explotaci\u00f3n econ\u00f3mica del contenido del presente sitio web.\t\t\t\t\t\t<\/div>\n\t\t\t\t<\/div>\n\t\t\t\t<div class=\"elementor-element elementor-element-d490c84 elementor-widget elementor-widget-heading\" data-id=\"d490c84\" data-element_type=\"widget\" data-widget_type=\"heading.default\">\n\t\t\t\t<div class=\"elementor-widget-container\">\n\t\t\t<h2 class=\"elementor-heading-title elementor-size-default\">TRATAMIENTO DE DATOS PERSONALES<\/h2>\t\t<\/div>\n\t\t\t\t<\/div>\n\t\t\t\t<div class=\"elementor-element elementor-element-10334e3 elementor-widget elementor-widget-text-editor\" data-id=\"10334e3\" data-element_type=\"widget\" data-widget_type=\"text-editor.default\">\n\t\t\t\t<div class=\"elementor-widget-container\">\n\t\t\t\t\t\t\tSomos cumplidores estrictos de la normatividad en tratamiento de Datos Personales, para lo cual le invitamos a consultar nuestra Pol\u00edtica <a href=\"https:\/\/alejandraditta.com\/index.php\/politica-de-datos\/\">aqu\u00ed<\/a>\t\t\t\t\t\t<\/div>\n\t\t\t\t<\/div>\n\t\t\t\t<div class=\"elementor-element elementor-element-de9311b elementor-widget elementor-widget-heading\" data-id=\"de9311b\" data-element_type=\"widget\" data-widget_type=\"heading.default\">\n\t\t\t\t<div class=\"elementor-widget-container\">\n\t\t\t<h2 class=\"elementor-heading-title elementor-size-default\">Publicaci\u00f3n de comentarios<\/h2>\t\t<\/div>\n\t\t\t\t<\/div>\n\t\t\t\t<div class=\"elementor-element elementor-element-794e2af elementor-widget elementor-widget-text-editor\" data-id=\"794e2af\" data-element_type=\"widget\" data-widget_type=\"text-editor.default\">\n\t\t\t\t<div class=\"elementor-widget-container\">\n\t\t\t\t\t\t\tMar\u00eda Alejandra Maza Ditta, y el equipo de colaboradores que administren la  p\u00e1gina web <a href=\"alejandraditta.com\">alejandraditta.com<\/a >, en ning\u00fan caso y bajo ninguna circunstancia ser\u00e1n responsables del contenido de los comentarios que los y las visitantes, de la presente p\u00e1gina, publiquen en la secci\u00f3n de entradas de blog. A cada visitante se le atribuir\u00e1, de forma exclusiva e irrefutable, la autor\u00eda de cada comentario que publique. En caso de que se utilice la secci\u00f3n de comentarios para publicar contenidos violentos, xen\u00f3fobos, discriminatorios, mis\u00f3ginos, atentatorios contra: la dignidad humana, el cuerpo\/apariencia f\u00edsica de s\u00ed mismo o de otra persona, su identidad u orientaci\u00f3n sexual, su condici\u00f3n\/elecci\u00f3n de expresi\u00f3n de g\u00e9nero, su condici\u00f3n de salud f\u00edsica o mental, su experiencia de vida neurodivergente, su profesi\u00f3n u oficio, sus creencias religiosas o ideolog\u00edas, podr\u00eda ser eliminado sin que se solicite autorizaci\u00f3n al autor del comentario, atendiendo al respeto innegociable de los derechos humanos que enarbolamos y defendemos en este sitio web.\t\t\t\t\t\t<\/div>\n\t\t\t\t<\/div>\n\t\t\t\t<div class=\"elementor-element elementor-element-de5e72a elementor-widget elementor-widget-heading\" data-id=\"de5e72a\" data-element_type=\"widget\" data-widget_type=\"heading.default\">\n\t\t\t\t<div class=\"elementor-widget-container\">\n\t\t\t<h2 class=\"elementor-heading-title elementor-size-default\">ley aplicable y jurisdicci\u00f3n<\/h2>\t\t<\/div>\n\t\t\t\t<\/div>\n\t\t\t\t<div class=\"elementor-element elementor-element-85f2800 elementor-widget elementor-widget-text-editor\" data-id=\"85f2800\" data-element_type=\"widget\" data-widget_type=\"text-editor.default\">\n\t\t\t\t<div class=\"elementor-widget-container\">\n\t\t\t\t\t\t\tLa normatividad aplicable a las condiciones de uso de la p\u00e1gina web <a href=\"alejandraditta.com\">alejandraditta.com<\/a>, corresponde a la legislaci\u00f3n de la Rep\u00fablica de Colombia. Finalmente se informa que, todo caso de desacuerdo o conflicto al respecto, ser\u00e1 competencia de los\/las jueces y autoridades colombianas.\t\t\t\t\t\t<\/div>\n\t\t\t\t<\/div>\n\t\t\t\t\t<\/div>\n\t\t\t\t<\/div>\n\t\t\t\t<\/div>\n\t\t","protected":false},"excerpt":{"rendered":"<p>T\u00e9rminos de Uso Objeto Informar a usuarios\/as y visitantes de alejandraditta.com las condiciones de uso del presente sitio web. IDENTIDAD La propietaria del sitio web alejandraditta.com es: Nombre: Mar\u00eda Alejandra Maza Ditta Correo electr\u00f3nico: contacto@alejandraditta.com Domicilio: Barranquilla, Rep\u00fablica de Colombia. Actividades Mar\u00eda Alejandra Maza Ditta pone a disposici\u00f3n de usuarios\/as y visitantes de alejandrita.com la [&hellip;]<\/p>\n","protected":false},"author":1,"featured_media":0,"parent":0,"menu_order":0,"comment_status":"closed","ping_status":"closed","template":"elementor_header_footer","meta":{"ocean_post_layout":"","ocean_both_sidebars_style":"","ocean_both_sidebars_content_width":0,"ocean_both_sidebars_sidebars_width":0,"ocean_sidebar":"","ocean_second_sidebar":"","ocean_disable_margins":"enable","ocean_add_body_class":"","ocean_shortcode_before_top_bar":"","ocean_shortcode_after_top_bar":"","ocean_shortcode_before_header":"","ocean_shortcode_after_header":"","ocean_has_shortcode":"","ocean_shortcode_after_title":"","ocean_shortcode_before_footer_widgets":"","ocean_shortcode_after_footer_widgets":"","ocean_shortcode_before_footer_bottom":"","ocean_shortcode_after_footer_bottom":"","ocean_display_top_bar":"default","ocean_display_header":"default","ocean_header_style":"","ocean_center_header_left_menu":"","ocean_custom_header_template":"","ocean_custom_logo":0,"ocean_custom_retina_logo":0,"ocean_custom_logo_max_width":0,"ocean_custom_logo_tablet_max_width":0,"ocean_custom_logo_mobile_max_width":0,"ocean_custom_logo_max_height":0,"ocean_custom_logo_tablet_max_height":0,"ocean_custom_logo_mobile_max_height":0,"ocean_header_custom_menu":"","ocean_menu_typo_font_family":"","ocean_menu_typo_font_subset":"","ocean_menu_typo_font_size":0,"ocean_menu_typo_font_size_tablet":0,"ocean_menu_typo_font_size_mobile":0,"ocean_menu_typo_font_size_unit":"px","ocean_menu_typo_font_weight":"","ocean_menu_typo_font_weight_tablet":"","ocean_menu_typo_font_weight_mobile":"","ocean_menu_typo_transform":"","ocean_menu_typo_transform_tablet":"","ocean_menu_typo_transform_mobile":"","ocean_menu_typo_line_height":0,"ocean_menu_typo_line_height_tablet":0,"ocean_menu_typo_line_height_mobile":0,"ocean_menu_typo_line_height_unit":"","ocean_menu_typo_spacing":0,"ocean_menu_typo_spacing_tablet":0,"ocean_menu_typo_spacing_mobile":0,"ocean_menu_typo_spacing_unit":"","ocean_menu_link_color":"","ocean_menu_link_color_hover":"","ocean_menu_link_color_active":"","ocean_menu_link_background":"","ocean_menu_link_hover_background":"","ocean_menu_link_active_background":"","ocean_menu_social_links_bg":"","ocean_menu_social_hover_links_bg":"","ocean_menu_social_links_color":"","ocean_menu_social_hover_links_color":"","ocean_disable_title":"on","ocean_disable_heading":"default","ocean_post_title":"","ocean_post_subheading":"","ocean_post_title_style":"","ocean_post_title_background_color":"","ocean_post_title_background":0,"ocean_post_title_bg_image_position":"","ocean_post_title_bg_image_attachment":"","ocean_post_title_bg_image_repeat":"","ocean_post_title_bg_image_size":"","ocean_post_title_height":0,"ocean_post_title_bg_overlay":0.5,"ocean_post_title_bg_overlay_color":"","ocean_disable_breadcrumbs":"default","ocean_breadcrumbs_color":"","ocean_breadcrumbs_separator_color":"","ocean_breadcrumbs_links_color":"","ocean_breadcrumbs_links_hover_color":"","ocean_display_footer_widgets":"default","ocean_display_footer_bottom":"default","ocean_custom_footer_template":"","footnotes":""},"class_list":["post-32","page","type-page","status-publish","hentry","entry"],"_links":{"self":[{"href":"https:\/\/alejandraditta.com\/index.php\/wp-json\/wp\/v2\/pages\/32","targetHints":{"allow":["GET"]}}],"collection":[{"href":"https:\/\/alejandraditta.com\/index.php\/wp-json\/wp\/v2\/pages"}],"about":[{"href":"https:\/\/alejandraditta.com\/index.php\/wp-json\/wp\/v2\/types\/page"}],"author":[{"embeddable":true,"href":"https:\/\/alejandraditta.com\/index.php\/wp-json\/wp\/v2\/users\/1"}],"replies":[{"embeddable":true,"href":"https:\/\/alejandraditta.com\/index.php\/wp-json\/wp\/v2\/comments?post=32"}],"version-history":[{"count":38,"href":"https:\/\/alejandraditta.com\/index.php\/wp-json\/wp\/v2\/pages\/32\/revisions"}],"predecessor-version":[{"id":292,"href":"https:\/\/alejandraditta.com\/index.php\/wp-json\/wp\/v2\/pages\/32\/revisions\/292"}],"wp:attachment":[{"href":"https:\/\/alejandraditta.com\/index.php\/wp-json\/wp\/v2\/media?parent=32"}],"curies":[{"name":"wp","href":"https:\/\/api.w.org\/{rel}","templated":true}]}}