{"id":17,"date":"2024-04-10T14:10:14","date_gmt":"2024-04-10T19:10:14","guid":{"rendered":"https:\/\/alejandraditta.com\/?page_id=17"},"modified":"2024-09-24T08:51:41","modified_gmt":"2024-09-24T13:51:41","slug":"mis-historias","status":"publish","type":"page","link":"https:\/\/alejandraditta.com\/index.php\/mis-historias\/","title":{"rendered":"Mis Historias"},"content":{"rendered":"\t\t<div data-elementor-type=\"wp-page\" data-elementor-id=\"17\" class=\"elementor elementor-17\">\n\t\t\t\t<div class=\"elementor-element elementor-element-616721d e-con-full e-flex e-con e-parent\" data-id=\"616721d\" data-element_type=\"container\">\n\t\t<div class=\"elementor-element elementor-element-fca9dbb e-con-full e-flex e-con e-child\" data-id=\"fca9dbb\" data-element_type=\"container\" data-settings=\"{&quot;background_background&quot;:&quot;classic&quot;}\">\n\t\t\t\t<div class=\"elementor-element elementor-element-4219c99 elementor-widget elementor-widget-image\" data-id=\"4219c99\" data-element_type=\"widget\" data-widget_type=\"image.default\">\n\t\t\t\t<div class=\"elementor-widget-container\">\n\t\t\t\t\t\t\t\t\t\t\t\t\t<img decoding=\"async\" src=\"https:\/\/alejandraditta.com\/wp-content\/uploads\/elementor\/thumbs\/AlejandraDittaSobremi2-2-qowmvcmkwq2bydgrziumpxh911mvmhbwj2cwah9p1c.png\" title=\"AlejandraDittaSobremi2\" alt=\"AlejandraDittaSobremi2\" loading=\"lazy\" \/>\t\t\t\t\t\t\t\t\t\t\t\t\t<\/div>\n\t\t\t\t<\/div>\n\t\t\t\t<\/div>\n\t\t<div class=\"elementor-element elementor-element-dc21148 e-con-full e-flex e-con e-child\" data-id=\"dc21148\" data-element_type=\"container\">\n\t\t\t\t<div class=\"elementor-element elementor-element-01d7e83 elementor-widget elementor-widget-heading\" data-id=\"01d7e83\" data-element_type=\"widget\" data-widget_type=\"heading.default\">\n\t\t\t\t<div class=\"elementor-widget-container\">\n\t\t\t<h2 class=\"elementor-heading-title elementor-size-default\">MIS HISTORIAS<\/h2>\t\t<\/div>\n\t\t\t\t<\/div>\n\t\t\t\t<div class=\"elementor-element elementor-element-88b0dc7 elementor-widget elementor-widget-text-editor\" data-id=\"88b0dc7\" data-element_type=\"widget\" data-widget_type=\"text-editor.default\">\n\t\t\t\t<div class=\"elementor-widget-container\">\n\t\t\t\t\t\t\t<p>Me encanta crear historias<br \/>y en este apartado te compartir\u00e9 algunas de ellas.<\/p>\t\t\t\t\t\t<\/div>\n\t\t\t\t<\/div>\n\t\t\t\t<\/div>\n\t\t\t\t<\/div>\n\t\t<div class=\"elementor-element elementor-element-90cf485 e-flex e-con-boxed e-con e-parent\" data-id=\"90cf485\" data-element_type=\"container\">\n\t\t\t\t\t<div class=\"e-con-inner\">\n\t\t<div class=\"elementor-element elementor-element-26b04c1 e-con-full e-flex e-con e-child\" data-id=\"26b04c1\" data-element_type=\"container\">\n\t\t\t\t<div class=\"elementor-element elementor-element-e854084 elementor-widget elementor-widget-image\" data-id=\"e854084\" data-element_type=\"widget\" data-widget_type=\"image.default\">\n\t\t\t\t<div class=\"elementor-widget-container\">\n\t\t\t\t\t\t\t\t\t\t\t\t\t<img fetchpriority=\"high\" decoding=\"async\" width=\"764\" height=\"600\" src=\"https:\/\/alejandraditta.com\/wp-content\/uploads\/2024\/05\/microcuento-camila-quiere-ser-pequena-alejandraditta.jpg\" class=\"attachment-large size-large wp-image-675\" alt=\"\" srcset=\"https:\/\/alejandraditta.com\/wp-content\/uploads\/2024\/05\/microcuento-camila-quiere-ser-pequena-alejandraditta.jpg 764w, https:\/\/alejandraditta.com\/wp-content\/uploads\/2024\/05\/microcuento-camila-quiere-ser-pequena-alejandraditta-300x236.jpg 300w\" sizes=\"(max-width: 764px) 100vw, 764px\" \/>\t\t\t\t\t\t\t\t\t\t\t\t\t<\/div>\n\t\t\t\t<\/div>\n\t\t\t\t<\/div>\n\t\t<div class=\"elementor-element elementor-element-10e4ff4 e-con-full e-flex e-con e-child\" data-id=\"10e4ff4\" data-element_type=\"container\">\n\t\t\t\t<div class=\"elementor-element elementor-element-1ef53bd elementor-widget elementor-widget-heading\" data-id=\"1ef53bd\" data-element_type=\"widget\" data-widget_type=\"heading.default\">\n\t\t\t\t<div class=\"elementor-widget-container\">\n\t\t\t<h2 class=\"elementor-heading-title elementor-size-default\"> Microcuentos <\/h2>\t\t<\/div>\n\t\t\t\t<\/div>\n\t\t\t\t<div class=\"elementor-element elementor-element-e877542 elementor-widget elementor-widget-heading\" data-id=\"e877542\" data-element_type=\"widget\" data-widget_type=\"heading.default\">\n\t\t\t\t<div class=\"elementor-widget-container\">\n\t\t\t<h2 class=\"elementor-heading-title elementor-size-default\">Camila quiere ser peque\u00f1a<\/h2>\t\t<\/div>\n\t\t\t\t<\/div>\n\t\t\t\t<div class=\"elementor-element elementor-element-0a85343 elementor-widget elementor-widget-text-editor\" data-id=\"0a85343\" data-element_type=\"widget\" data-widget_type=\"text-editor.default\">\n\t\t\t\t<div class=\"elementor-widget-container\">\n\t\t\t\t\t\t\t<p><span style=\"font-weight: 400;\">Camila, una ni\u00f1a inquieta y juguetona de ocho a\u00f1os, baj\u00f3 corriendo del auto de sus padres, subi\u00f3 a su habitaci\u00f3n, busc\u00f3 su telescopio en el kit cient\u00edfico que hab\u00eda recibido en su cumplea\u00f1os, lo arm\u00f3 r\u00e1pidamente, lo puso en la ventana de su cuarto y mir\u00f3 a trav\u00e9s de \u00e9l.\u00a0<\/span><\/p><p><span style=\"font-weight: 400;\">En ese momento su atenci\u00f3n se fij\u00f3 en la inmensidad de la luna.\u00a0<\/span><\/p><ul><li style=\"font-weight: 400;\" aria-level=\"1\"><span style=\"font-weight: 400;\">Luna, lunita, lunera, casacabelera, \u00bfpor qu\u00e9 los adultos siempre me preguntan qu\u00e9 quiero ser cuando crezca? Yo no quiero ser grande, yo soy muy feliz siendo peque\u00f1a. <\/span><\/li><\/ul>\t\t\t\t\t\t<\/div>\n\t\t\t\t<\/div>\n\t\t\t\t<\/div>\n\t\t\t\t\t<\/div>\n\t\t\t\t<\/div>\n\t\t<div class=\"elementor-element elementor-element-3c87c2c e-flex e-con-boxed e-con e-parent\" data-id=\"3c87c2c\" data-element_type=\"container\">\n\t\t\t\t\t<div class=\"e-con-inner\">\n\t\t<div class=\"elementor-element elementor-element-958174b e-con-full e-flex e-con e-child\" data-id=\"958174b\" data-element_type=\"container\">\n\t\t\t\t<div class=\"elementor-element elementor-element-59c6f2d elementor-widget elementor-widget-video\" data-id=\"59c6f2d\" data-element_type=\"widget\" data-settings=\"{&quot;youtube_url&quot;:&quot;https:\\\/\\\/www.youtube.com\\\/watch?v=gqd3W4_mM4U&amp;t=8s&amp;ab_channel=AlejandraDitta&quot;,&quot;video_type&quot;:&quot;youtube&quot;,&quot;controls&quot;:&quot;yes&quot;}\" data-widget_type=\"video.default\">\n\t\t\t\t<div class=\"elementor-widget-container\">\n\t\t\t\t\t<div class=\"elementor-wrapper elementor-open-inline\">\n\t\t\t<div class=\"elementor-video\"><\/div>\t\t<\/div>\n\t\t\t\t<\/div>\n\t\t\t\t<\/div>\n\t\t\t\t<\/div>\n\t\t<div class=\"elementor-element elementor-element-4ab9a1c e-con-full e-flex e-con e-child\" data-id=\"4ab9a1c\" data-element_type=\"container\">\n\t\t\t\t<div class=\"elementor-element elementor-element-8f1bbca elementor-widget elementor-widget-heading\" data-id=\"8f1bbca\" data-element_type=\"widget\" data-widget_type=\"heading.default\">\n\t\t\t\t<div class=\"elementor-widget-container\">\n\t\t\t<h2 class=\"elementor-heading-title elementor-size-default\">Cortometrajes <\/h2>\t\t<\/div>\n\t\t\t\t<\/div>\n\t\t\t\t<div class=\"elementor-element elementor-element-ddc5a83 elementor-widget elementor-widget-heading\" data-id=\"ddc5a83\" data-element_type=\"widget\" data-widget_type=\"heading.default\">\n\t\t\t\t<div class=\"elementor-widget-container\">\n\t\t\t<h2 class=\"elementor-heading-title elementor-size-default\">Detr\u00e1s de C\u00e1mara (2019)<\/h2>\t\t<\/div>\n\t\t\t\t<\/div>\n\t\t\t\t<div class=\"elementor-element elementor-element-d4952b0 elementor-widget elementor-widget-text-editor\" data-id=\"d4952b0\" data-element_type=\"widget\" data-widget_type=\"text-editor.default\">\n\t\t\t\t<div class=\"elementor-widget-container\">\n\t\t\t\t\t\t\t<p><span style=\"font-weight: 400;\">Un particular grupo de amigos se lanzan a la aventura de grabar su propia pel\u00edcula a trav\u00e9s del celular, pero las cosas no salen c\u00f3mo pensaban.\u00a0<\/span><\/p><p><i><span style=\"font-weight: 400;\">Detr\u00e1s de C\u00e1mara<\/span><\/i><span style=\"font-weight: 400;\"> fue finalista del Smartfilms en la categor\u00eda SmarTic Incluyente en el 2019. <\/span><\/p>\t\t\t\t\t\t<\/div>\n\t\t\t\t<\/div>\n\t\t\t\t<\/div>\n\t\t\t\t\t<\/div>\n\t\t\t\t<\/div>\n\t\t<div class=\"elementor-element elementor-element-cd370ee e-flex e-con-boxed e-con e-parent\" data-id=\"cd370ee\" data-element_type=\"container\">\n\t\t\t\t\t<div class=\"e-con-inner\">\n\t\t<div class=\"elementor-element elementor-element-95fdab6 e-con-full e-flex e-con e-child\" data-id=\"95fdab6\" data-element_type=\"container\">\n\t\t\t\t<div data-premium-element-link=\"{&quot;type&quot;:&quot;url&quot;,&quot;link&quot;:{&quot;url&quot;:&quot;https:\\\/\\\/www.instagram.com\\\/p\\\/CDWIRqtpkNe\\\/?utm_source=ig_web_copy_link &quot;,&quot;is_external&quot;:&quot;&quot;,&quot;nofollow&quot;:&quot;&quot;,&quot;custom_attributes&quot;:&quot;&quot;},&quot;href&quot;:&quot;https:\\\/\\\/www.instagram.com\\\/p\\\/CDWIRqtpkNe\\\/?utm_source=ig_web_copy_link%20&quot;}\" style=\"cursor: pointer\" class=\"elementor-element elementor-element-9a05a9c elementor-widget elementor-widget-image\" data-id=\"9a05a9c\" data-element_type=\"widget\" data-widget_type=\"image.default\">\n\t\t\t\t<div class=\"elementor-widget-container\">\n\t\t\t\t\t\t\t\t\t\t\t\t\t\t<a href=\"https:\/\/www.instagram.com\/p\/CDWIRqtpkNe\/?utm_source=ig_web_copy_link%20\">\n\t\t\t\t\t\t\t<img decoding=\"async\" width=\"500\" height=\"281\" src=\"https:\/\/alejandraditta.com\/wp-content\/uploads\/2024\/05\/banner-fantastic-girl-alejandraditta.jpg\" class=\"attachment-full size-full wp-image-680\" alt=\"\" srcset=\"https:\/\/alejandraditta.com\/wp-content\/uploads\/2024\/05\/banner-fantastic-girl-alejandraditta.jpg 500w, https:\/\/alejandraditta.com\/wp-content\/uploads\/2024\/05\/banner-fantastic-girl-alejandraditta-300x169.jpg 300w\" sizes=\"(max-width: 500px) 100vw, 500px\" \/>\t\t\t\t\t\t\t\t<\/a>\n\t\t\t\t\t\t\t\t\t\t\t\t\t<\/div>\n\t\t\t\t<\/div>\n\t\t\t\t<\/div>\n\t\t<div class=\"elementor-element elementor-element-571d16e e-con-full e-flex e-con e-child\" data-id=\"571d16e\" data-element_type=\"container\">\n\t\t\t\t<div class=\"elementor-element elementor-element-7a73e13 elementor-widget elementor-widget-heading\" data-id=\"7a73e13\" data-element_type=\"widget\" data-widget_type=\"heading.default\">\n\t\t\t\t<div class=\"elementor-widget-container\">\n\t\t\t<h2 class=\"elementor-heading-title elementor-size-default\">Filminutos <\/h2>\t\t<\/div>\n\t\t\t\t<\/div>\n\t\t\t\t<div class=\"elementor-element elementor-element-d2f1abf elementor-widget elementor-widget-heading\" data-id=\"d2f1abf\" data-element_type=\"widget\" data-widget_type=\"heading.default\">\n\t\t\t\t<div class=\"elementor-widget-container\">\n\t\t\t<h2 class=\"elementor-heading-title elementor-size-default\">Fantastic Girl( 2020)<\/h2>\t\t<\/div>\n\t\t\t\t<\/div>\n\t\t\t\t<div class=\"elementor-element elementor-element-cb55a6c elementor-widget elementor-widget-text-editor\" data-id=\"cb55a6c\" data-element_type=\"widget\" data-widget_type=\"text-editor.default\">\n\t\t\t\t<div class=\"elementor-widget-container\">\n\t\t\t\t\t\t\t<p><span style=\"font-weight: 400;\">En este filminuto hecho en casa, con un dispositivo m\u00f3vil, se cuenta una ni\u00f1a que quiere ser una superhero\u00edna y decide superar retos en un juego de internet hasta que su vida es puesta en peligro. <\/span><\/p>\t\t\t\t\t\t<\/div>\n\t\t\t\t<\/div>\n\t\t\t\t<\/div>\n\t\t\t\t\t<\/div>\n\t\t\t\t<\/div>\n\t\t<div class=\"elementor-element elementor-element-a2c70b3 e-flex e-con-boxed e-con e-parent\" data-id=\"a2c70b3\" data-element_type=\"container\">\n\t\t\t\t\t<div class=\"e-con-inner\">\n\t\t<div class=\"elementor-element elementor-element-6fe66ee e-con-full e-flex e-con e-child\" data-id=\"6fe66ee\" data-element_type=\"container\">\n\t\t\t\t<div class=\"elementor-element elementor-element-1ab16fa elementor-widget elementor-widget-image\" data-id=\"1ab16fa\" data-element_type=\"widget\" data-widget_type=\"image.default\">\n\t\t\t\t<div class=\"elementor-widget-container\">\n\t\t\t\t\t\t\t\t\t\t\t\t\t<img decoding=\"async\" width=\"675\" height=\"1920\" src=\"https:\/\/alejandraditta.com\/wp-content\/uploads\/2024\/05\/textos-dramaturgicos-resistiendo2023.jpg\" class=\"attachment-2048x2048 size-2048x2048 wp-image-662\" alt=\"\" srcset=\"https:\/\/alejandraditta.com\/wp-content\/uploads\/2024\/05\/textos-dramaturgicos-resistiendo2023.jpg 675w, https:\/\/alejandraditta.com\/wp-content\/uploads\/2024\/05\/textos-dramaturgicos-resistiendo2023-105x300.jpg 105w, https:\/\/alejandraditta.com\/wp-content\/uploads\/2024\/05\/textos-dramaturgicos-resistiendo2023-360x1024.jpg 360w, https:\/\/alejandraditta.com\/wp-content\/uploads\/2024\/05\/textos-dramaturgicos-resistiendo2023-540x1536.jpg 540w\" sizes=\"(max-width: 675px) 100vw, 675px\" \/>\t\t\t\t\t\t\t\t\t\t\t\t\t<\/div>\n\t\t\t\t<\/div>\n\t\t\t\t<\/div>\n\t\t<div class=\"elementor-element elementor-element-54d2744 e-con-full e-flex e-con e-child\" data-id=\"54d2744\" data-element_type=\"container\">\n\t\t\t\t<div class=\"elementor-element elementor-element-d18a233 elementor-widget elementor-widget-heading\" data-id=\"d18a233\" data-element_type=\"widget\" data-widget_type=\"heading.default\">\n\t\t\t\t<div class=\"elementor-widget-container\">\n\t\t\t<h2 class=\"elementor-heading-title elementor-size-default\">Textos dramat\u00fargicos <\/h2>\t\t<\/div>\n\t\t\t\t<\/div>\n\t\t\t\t<div class=\"elementor-element elementor-element-ff3978f elementor-widget elementor-widget-heading\" data-id=\"ff3978f\" data-element_type=\"widget\" data-widget_type=\"heading.default\">\n\t\t\t\t<div class=\"elementor-widget-container\">\n\t\t\t<h2 class=\"elementor-heading-title elementor-size-default\"> Resistiendo (2023)<\/h2>\t\t<\/div>\n\t\t\t\t<\/div>\n\t\t\t\t<div class=\"elementor-element elementor-element-2bcefa0 elementor-widget elementor-widget-text-editor\" data-id=\"2bcefa0\" data-element_type=\"widget\" data-widget_type=\"text-editor.default\">\n\t\t\t\t<div class=\"elementor-widget-container\">\n\t\t\t\t\t\t\t<p><span style=\"font-weight: 400;\">Levantarse duele m\u00e1s que estar dormida. Incluso cuando la mente no deja de agitarse con cada pesadilla. Abrir los ojos y sentir el dolor de otro d\u00eda m\u00e1s en el que tendr\u00e9 que fingir que las cosas marchan bien, aunque todo me sepa mal.\u00a0<\/span><\/p><p><span style=\"font-weight: 400;\">La rabia, la angustia, la desesperaci\u00f3n y la frustraci\u00f3n son los ingredientes de este caldo que se exacerba en el transitar de las horas, esperando la soledad del mediod\u00eda en el calor de la cocina entre olores y vapores.\u00a0<\/span><\/p><p><span style=\"font-weight: 400;\">Con ese cuchillo con que pico las verduras, con ese cuchillo con que relajo y preparo las carnes\u2026\u00a0<\/span><\/p><p><span style=\"font-weight: 400;\">Mi carne, mi cuerpo, \u00a1pobre cuerpito m\u00edo!\u00a0<\/span><\/p><p><span style=\"font-weight: 400;\">A ti maltrato dormida y tanto m\u00e1s despierta. Cuna de mi alma y casa de mi consciencia. Me dueles mucho menos que mi coraz\u00f3n, pero pausas por segundos mi sufrimiento.\u00a0<\/span><\/p><p><span style=\"font-weight: 400;\">Quiero descansar.\u00a0<\/span><\/p><p><span style=\"font-weight: 400;\">Descansar sin culpas de este tormento sin fin.\u00a0<\/span><\/p><p><span style=\"font-weight: 400;\">Se acerca la tarde. Ya regresan,\u00a0<\/span><\/p><p><span style=\"font-weight: 400;\">No tengo \u00e1nimos de sonre\u00edr, pero ellos son tan buenos\u2026 Culpa.\u00a0<\/span><\/p><p><span style=\"font-weight: 400;\">Vida de reina. Culpa.\u00a0<\/span><\/p><p><span style=\"font-weight: 400;\">Mi cetro es una carga pesada que dicen llevar por amor: \u201cVendr\u00e1n tiempos mejores\u201d, \u201cs\u00f3lo son momentos\u201d, \u201ctodo pasa\u201d&#8230; Pero nada cambia. Cada vez la vida sabe m\u00e1s amarga. Mis pies pesan al punto de no poder moverme.\u00a0<\/span><\/p><p><span style=\"font-weight: 400;\">\u00bfPodr\u00e9 terminar con este sufrimiento?Culpa.\u00a0<\/span><\/p><p><span style=\"font-weight: 400;\">\u00bfC\u00f3mo puedo pagar con ese mal a quienes se desviven por mi bien? Culpa.\u00a0<\/span><\/p><p><span style=\"font-weight: 400;\">Debo ser fuerte, pero ya explot\u00e9 otra vez. Culpa.\u00a0<\/span><\/p><p><span style=\"font-weight: 400;\">Que no me vean llorar, que no me vean llorar.\u00a0<\/span><\/p><p><span style=\"font-weight: 400;\">Me duelen los ojos de tanto aguantar.\u00a0<\/span><\/p><p><span style=\"font-weight: 400;\">Tengo sue\u00f1o, pero aunque duerma ya no puedo so\u00f1ar ni descansar.\u00a0<\/span><\/p><p><span style=\"font-weight: 400;\">\u00a1Mam\u00e1, mam\u00e1, no puedo m\u00e1s! Pero me dueles en mi ausencia. Tu futura culpa multiplica la presente m\u00eda.\u00a0<\/span><\/p><p><span style=\"font-weight: 400;\">Mam\u00e1, resisto por ti. Mam\u00e1, resisto para ti.\u00a0<\/span><\/p><p><span style=\"font-weight: 400;\">Miro al cielo en b\u00fasqueda de consuelo. Quiero paz.\u00a0<\/span><\/p><p><span style=\"font-weight: 400;\">Pap\u00e1, \u00bfd\u00f3nde est\u00e1s? \u00bfD\u00f3nde est\u00e1s, pap\u00e1?\u00a0<\/span><\/p><p><span style=\"font-weight: 400;\">Me aterra cerrar los ojos en un para siempre y encontrar m\u00e1s dolor y sufrimiento.\u00a0<\/span><\/p><p><span style=\"font-weight: 400;\">La misma culpa y el mismo que me desgarran son quienes me mantienen de pie. <\/span><\/p>\t\t\t\t\t\t<\/div>\n\t\t\t\t<\/div>\n\t\t\t\t<\/div>\n\t\t\t\t\t<\/div>\n\t\t\t\t<\/div>\n\t\t<div class=\"elementor-element elementor-element-20b05bb e-flex e-con-boxed e-con e-parent\" data-id=\"20b05bb\" data-element_type=\"container\" data-settings=\"{&quot;background_background&quot;:&quot;classic&quot;}\">\n\t\t\t\t\t<div class=\"e-con-inner\">\n\t\t\t\t<div class=\"elementor-element elementor-element-eaabc37 elementor-widget elementor-widget-heading\" data-id=\"eaabc37\" data-element_type=\"widget\" data-widget_type=\"heading.default\">\n\t\t\t\t<div class=\"elementor-widget-container\">\n\t\t\t<h5 class=\"elementor-heading-title elementor-size-default\">Nota: Estas historias est\u00e1n protegidas por el registro de Derechos de Autor de Colombia, por lo que no pueden ser utilizadas total o parcialmente con finalidades de lucro. \nAl ser compartidas en redes sociales u otras canales, se le debe dar cr\u00e9dito a su autora (Alejandra Ditta) y mencionar la direcci\u00f3n de esta p\u00e1gina web\n<\/h5>\t\t<\/div>\n\t\t\t\t<\/div>\n\t\t\t\t\t<\/div>\n\t\t\t\t<\/div>\n\t\t\t\t<\/div>\n\t\t","protected":false},"excerpt":{"rendered":"<p>MIS HISTORIAS Me encanta crear historiasy en este apartado te compartir\u00e9 algunas de ellas. Microcuentos Camila quiere ser peque\u00f1a Camila, una ni\u00f1a inquieta y juguetona de ocho a\u00f1os, baj\u00f3 corriendo del auto de sus padres, subi\u00f3 a su habitaci\u00f3n, busc\u00f3 su telescopio en el kit cient\u00edfico que hab\u00eda recibido en su cumplea\u00f1os, lo arm\u00f3 r\u00e1pidamente, [&hellip;]<\/p>\n","protected":false},"author":1,"featured_media":0,"parent":0,"menu_order":0,"comment_status":"closed","ping_status":"closed","template":"elementor_header_footer","meta":{"ocean_post_layout":"","ocean_both_sidebars_style":"","ocean_both_sidebars_content_width":0,"ocean_both_sidebars_sidebars_width":0,"ocean_sidebar":"","ocean_second_sidebar":"","ocean_disable_margins":"enable","ocean_add_body_class":"","ocean_shortcode_before_top_bar":"","ocean_shortcode_after_top_bar":"","ocean_shortcode_before_header":"","ocean_shortcode_after_header":"","ocean_has_shortcode":"","ocean_shortcode_after_title":"","ocean_shortcode_before_footer_widgets":"","ocean_shortcode_after_footer_widgets":"","ocean_shortcode_before_footer_bottom":"","ocean_shortcode_after_footer_bottom":"","ocean_display_top_bar":"default","ocean_display_header":"default","ocean_header_style":"","ocean_center_header_left_menu":"","ocean_custom_header_template":"","ocean_custom_logo":0,"ocean_custom_retina_logo":0,"ocean_custom_logo_max_width":0,"ocean_custom_logo_tablet_max_width":0,"ocean_custom_logo_mobile_max_width":0,"ocean_custom_logo_max_height":0,"ocean_custom_logo_tablet_max_height":0,"ocean_custom_logo_mobile_max_height":0,"ocean_header_custom_menu":"","ocean_menu_typo_font_family":"","ocean_menu_typo_font_subset":"","ocean_menu_typo_font_size":0,"ocean_menu_typo_font_size_tablet":0,"ocean_menu_typo_font_size_mobile":0,"ocean_menu_typo_font_size_unit":"px","ocean_menu_typo_font_weight":"","ocean_menu_typo_font_weight_tablet":"","ocean_menu_typo_font_weight_mobile":"","ocean_menu_typo_transform":"","ocean_menu_typo_transform_tablet":"","ocean_menu_typo_transform_mobile":"","ocean_menu_typo_line_height":0,"ocean_menu_typo_line_height_tablet":0,"ocean_menu_typo_line_height_mobile":0,"ocean_menu_typo_line_height_unit":"","ocean_menu_typo_spacing":0,"ocean_menu_typo_spacing_tablet":0,"ocean_menu_typo_spacing_mobile":0,"ocean_menu_typo_spacing_unit":"","ocean_menu_link_color":"","ocean_menu_link_color_hover":"","ocean_menu_link_color_active":"","ocean_menu_link_background":"","ocean_menu_link_hover_background":"","ocean_menu_link_active_background":"","ocean_menu_social_links_bg":"","ocean_menu_social_hover_links_bg":"","ocean_menu_social_links_color":"","ocean_menu_social_hover_links_color":"","ocean_disable_title":"on","ocean_disable_heading":"default","ocean_post_title":"","ocean_post_subheading":"","ocean_post_title_style":"","ocean_post_title_background_color":"","ocean_post_title_background":0,"ocean_post_title_bg_image_position":"","ocean_post_title_bg_image_attachment":"","ocean_post_title_bg_image_repeat":"","ocean_post_title_bg_image_size":"","ocean_post_title_height":0,"ocean_post_title_bg_overlay":0.5,"ocean_post_title_bg_overlay_color":"","ocean_disable_breadcrumbs":"default","ocean_breadcrumbs_color":"","ocean_breadcrumbs_separator_color":"","ocean_breadcrumbs_links_color":"","ocean_breadcrumbs_links_hover_color":"","ocean_display_footer_widgets":"default","ocean_display_footer_bottom":"default","ocean_custom_footer_template":"","footnotes":""},"class_list":["post-17","page","type-page","status-publish","hentry","entry"],"_links":{"self":[{"href":"https:\/\/alejandraditta.com\/index.php\/wp-json\/wp\/v2\/pages\/17","targetHints":{"allow":["GET"]}}],"collection":[{"href":"https:\/\/alejandraditta.com\/index.php\/wp-json\/wp\/v2\/pages"}],"about":[{"href":"https:\/\/alejandraditta.com\/index.php\/wp-json\/wp\/v2\/types\/page"}],"author":[{"embeddable":true,"href":"https:\/\/alejandraditta.com\/index.php\/wp-json\/wp\/v2\/users\/1"}],"replies":[{"embeddable":true,"href":"https:\/\/alejandraditta.com\/index.php\/wp-json\/wp\/v2\/comments?post=17"}],"version-history":[{"count":80,"href":"https:\/\/alejandraditta.com\/index.php\/wp-json\/wp\/v2\/pages\/17\/revisions"}],"predecessor-version":[{"id":1163,"href":"https:\/\/alejandraditta.com\/index.php\/wp-json\/wp\/v2\/pages\/17\/revisions\/1163"}],"wp:attachment":[{"href":"https:\/\/alejandraditta.com\/index.php\/wp-json\/wp\/v2\/media?parent=17"}],"curies":[{"name":"wp","href":"https:\/\/api.w.org\/{rel}","templated":true}]}}